{"id":5743,"date":"2026-05-14T16:06:58","date_gmt":"2026-05-14T14:06:58","guid":{"rendered":"https:\/\/www.atelier-schell.com\/?page_id=5743"},"modified":"2026-05-14T17:03:51","modified_gmt":"2026-05-14T15:03:51","slug":"metaphorische-farbsinfonien","status":"publish","type":"page","link":"https:\/\/www.atelier-schell.com\/en\/metaphorische-farbsinfonien\/","title":{"rendered":"METAPHORISCHE FARBSINFONIEN"},"content":{"rendered":"<div data-elementor-type=\"wp-page\" data-elementor-id=\"5743\" class=\"elementor elementor-5743\">\n\t\t\t\t\t\t<section class=\"elementor-section elementor-top-section elementor-element elementor-element-2ea7a73 elementor-section-boxed elementor-section-height-default elementor-section-height-default\" data-id=\"2ea7a73\" data-element_type=\"section\" data-e-type=\"section\">\n\t\t\t\t\t\t<div class=\"elementor-container elementor-column-gap-default\">\n\t\t\t\t\t<div class=\"elementor-column elementor-col-100 elementor-top-column elementor-element elementor-element-63b3b1e\" data-id=\"63b3b1e\" data-element_type=\"column\" data-e-type=\"column\">\n\t\t\t<div class=\"elementor-widget-wrap elementor-element-populated\">\n\t\t\t\t\t\t<div class=\"elementor-element elementor-element-5b7ee22 elementor-widget elementor-widget-spacer\" data-id=\"5b7ee22\" data-element_type=\"widget\" data-e-type=\"widget\" data-widget_type=\"spacer.default\">\n\t\t\t\t<div class=\"elementor-widget-container\">\n\t\t\t\t\t\t\t<div class=\"elementor-spacer\">\n\t\t\t<div class=\"elementor-spacer-inner\"><\/div>\n\t\t<\/div>\n\t\t\t\t\t\t<\/div>\n\t\t\t\t<\/div>\n\t\t\t\t\t<\/div>\n\t\t<\/div>\n\t\t\t\t\t<\/div>\n\t\t<\/section>\n\t\t\t\t<section class=\"elementor-section elementor-top-section elementor-element elementor-element-ad24c60 elementor-section-boxed elementor-section-height-default elementor-section-height-default\" data-id=\"ad24c60\" data-element_type=\"section\" data-e-type=\"section\">\n\t\t\t\t\t\t<div class=\"elementor-container elementor-column-gap-default\">\n\t\t\t\t\t<div class=\"elementor-column elementor-col-100 elementor-top-column elementor-element elementor-element-9a4090b\" data-id=\"9a4090b\" data-element_type=\"column\" data-e-type=\"column\">\n\t\t\t<div class=\"elementor-widget-wrap elementor-element-populated\">\n\t\t\t\t\t\t<div class=\"elementor-element elementor-element-1b05635 elementor-widget elementor-widget-text-editor\" data-id=\"1b05635\" data-element_type=\"widget\" data-e-type=\"widget\" data-widget_type=\"text-editor.default\">\n\t\t\t\t<div class=\"elementor-widget-container\">\n\t\t\t\t\t\t\t\t\t<h2>Ausstellung &#8222;Metaphorische Farbsinfonien&#8220;<\/h2><h2>in Berlin\u00a0<\/h2>\t\t\t\t\t\t\t\t<\/div>\n\t\t\t\t<\/div>\n\t\t\t\t\t<\/div>\n\t\t<\/div>\n\t\t\t\t\t<\/div>\n\t\t<\/section>\n\t\t\t\t<section class=\"elementor-section elementor-top-section elementor-element elementor-element-358807b elementor-section-boxed elementor-section-height-default elementor-section-height-default\" data-id=\"358807b\" data-element_type=\"section\" data-e-type=\"section\">\n\t\t\t\t\t\t<div class=\"elementor-container elementor-column-gap-default\">\n\t\t\t\t\t<div class=\"elementor-column elementor-col-100 elementor-top-column elementor-element elementor-element-a8b2792\" data-id=\"a8b2792\" data-element_type=\"column\" data-e-type=\"column\">\n\t\t\t<div class=\"elementor-widget-wrap elementor-element-populated\">\n\t\t\t\t\t\t<div class=\"elementor-element elementor-element-fc4a1fd elementor-widget elementor-widget-spacer\" data-id=\"fc4a1fd\" data-element_type=\"widget\" data-e-type=\"widget\" data-widget_type=\"spacer.default\">\n\t\t\t\t<div class=\"elementor-widget-container\">\n\t\t\t\t\t\t\t<div class=\"elementor-spacer\">\n\t\t\t<div class=\"elementor-spacer-inner\"><\/div>\n\t\t<\/div>\n\t\t\t\t\t\t<\/div>\n\t\t\t\t<\/div>\n\t\t\t\t\t<\/div>\n\t\t<\/div>\n\t\t\t\t\t<\/div>\n\t\t<\/section>\n\t\t\t\t<section class=\"elementor-section elementor-top-section elementor-element elementor-element-6462bb9 elementor-section-boxed elementor-section-height-default elementor-section-height-default\" data-id=\"6462bb9\" data-element_type=\"section\" data-e-type=\"section\">\n\t\t\t\t\t\t<div class=\"elementor-container elementor-column-gap-default\">\n\t\t\t\t\t<div class=\"elementor-column elementor-col-100 elementor-top-column elementor-element elementor-element-6aee6ef\" data-id=\"6aee6ef\" data-element_type=\"column\" data-e-type=\"column\">\n\t\t\t<div class=\"elementor-widget-wrap elementor-element-populated\">\n\t\t\t\t\t\t<div class=\"elementor-element elementor-element-3c572e0 elementor-widget elementor-widget-text-editor\" data-id=\"3c572e0\" data-element_type=\"widget\" data-e-type=\"widget\" data-widget_type=\"text-editor.default\">\n\t\t\t\t<div class=\"elementor-widget-container\">\n\t\t\t\t\t\t\t\t\t<p>Metaphorisch bedeutet &#8222;bildlich gesprochen&#8220;.<\/p><p>Mit meiner Malerei m\u00f6chte ich Sie einladen, die Natur bewusster wahrzunehmen und ihre verborgenen, &#8222;stillen&#8220; Momente als farbige suptile Sinfonie auf sich wirken zu lassen.<\/p><p>Natur als beruhigende Kraft: Im Kontext der Naturlyrik wird die Natur als ein Ort der absoluten Ruhe und des Schweigens dargestellt, der dem Menschen als Ganzheit begegnet und ihn in den Kreislauf des Kosmos einbettet. Die &#8222;Stille&#8220; ist hierbei das verbindende Element.<\/p><p>Der Begriff\u00a0 &#8222;Stilles Geheimnis &#8211; Mystik der Natursinfonie in Farbe&#8220; evoziert eine tiefe, meditative Verbindung zwischen der visuellen Pracht der Natur und ihrer inneren, oft verborgenen Harmonie, vergleichbar mit einer Symphonie, die sich nicht durch T\u00f6ne, sondern durch Farben und Stimmungen ausdr\u00fcckt.<\/p><p>Tretet ein in die Stille des Waldes &#8230; Waldlilien umranken meine Gedanken. Ich f\u00fchle mich wie ein Kind, das z\u00f6gert und doch innig beobachtet im MitternachtsTraum &#8230; Als ich erwachte, war ich in einem Farbenwald, im Himmel der GedankenWelt.<\/p><p>Tom Schell<\/p>\t\t\t\t\t\t\t\t<\/div>\n\t\t\t\t<\/div>\n\t\t\t\t\t<\/div>\n\t\t<\/div>\n\t\t\t\t\t<\/div>\n\t\t<\/section>\n\t\t\t\t<section class=\"elementor-section elementor-top-section elementor-element elementor-element-d38b514 elementor-section-boxed elementor-section-height-default elementor-section-height-default\" data-id=\"d38b514\" data-element_type=\"section\" data-e-type=\"section\">\n\t\t\t\t\t\t<div class=\"elementor-container elementor-column-gap-default\">\n\t\t\t\t\t<div class=\"elementor-column elementor-col-50 elementor-top-column elementor-element elementor-element-d563c77\" data-id=\"d563c77\" data-element_type=\"column\" data-e-type=\"column\">\n\t\t\t<div class=\"elementor-widget-wrap elementor-element-populated\">\n\t\t\t\t\t\t<div class=\"elementor-element elementor-element-1470c24 elementor-widget elementor-widget-image\" data-id=\"1470c24\" data-element_type=\"widget\" data-e-type=\"widget\" data-widget_type=\"image.default\">\n\t\t\t\t<div class=\"elementor-widget-container\">\n\t\t\t\t\t\t\t\t\t\t\t\t\t\t\t<img fetchpriority=\"high\" decoding=\"async\" width=\"847\" height=\"1024\" src=\"https:\/\/www.atelier-schell.com\/wp-content\/uploads\/2026\/05\/Dryade-847x1024.jpg\" class=\"attachment-large size-large wp-image-5746\" alt=\"\" srcset=\"https:\/\/www.atelier-schell.com\/wp-content\/uploads\/2026\/05\/Dryade-847x1024.jpg 847w, https:\/\/www.atelier-schell.com\/wp-content\/uploads\/2026\/05\/Dryade-248x300.jpg 248w, https:\/\/www.atelier-schell.com\/wp-content\/uploads\/2026\/05\/Dryade-768x929.jpg 768w, https:\/\/www.atelier-schell.com\/wp-content\/uploads\/2026\/05\/Dryade-10x12.jpg 10w, https:\/\/www.atelier-schell.com\/wp-content\/uploads\/2026\/05\/Dryade.jpg 1080w\" sizes=\"(max-width: 847px) 100vw, 847px\" \/>\t\t\t\t\t\t\t\t\t\t\t\t\t\t\t<\/div>\n\t\t\t\t<\/div>\n\t\t\t\t\t<\/div>\n\t\t<\/div>\n\t\t\t\t<div class=\"elementor-column elementor-col-50 elementor-top-column elementor-element elementor-element-0fb95b2\" data-id=\"0fb95b2\" data-element_type=\"column\" data-e-type=\"column\">\n\t\t\t<div class=\"elementor-widget-wrap elementor-element-populated\">\n\t\t\t\t\t\t<div class=\"elementor-element elementor-element-fbb7bb5 elementor-widget elementor-widget-text-editor\" data-id=\"fbb7bb5\" data-element_type=\"widget\" data-e-type=\"widget\" data-widget_type=\"text-editor.default\">\n\t\t\t\t<div class=\"elementor-widget-container\">\n\t\t\t\t\t\t\t\t\t<p>&#8222;Dryade&#8220;<\/p><p>Dryaden sind Waldnymphen aus der griechischen Mythologie, die oft als Besch\u00fctzerinnen der B\u00e4ume betrachtet werden.<\/p><p>Sie sind unsterbliche Wesen, die mit spezifischen B\u00e4umen verbunden sind und deren Schicksal teilen<\/p>\t\t\t\t\t\t\t\t<\/div>\n\t\t\t\t<\/div>\n\t\t\t\t\t<\/div>\n\t\t<\/div>\n\t\t\t\t\t<\/div>\n\t\t<\/section>\n\t\t\t\t<section class=\"elementor-section elementor-top-section elementor-element elementor-element-5de85a5 elementor-section-boxed elementor-section-height-default elementor-section-height-default\" data-id=\"5de85a5\" data-element_type=\"section\" data-e-type=\"section\">\n\t\t\t\t\t\t<div class=\"elementor-container elementor-column-gap-default\">\n\t\t\t\t\t<div class=\"elementor-column elementor-col-100 elementor-top-column elementor-element elementor-element-b67e995\" data-id=\"b67e995\" data-element_type=\"column\" data-e-type=\"column\">\n\t\t\t<div class=\"elementor-widget-wrap elementor-element-populated\">\n\t\t\t\t\t\t<div class=\"elementor-element elementor-element-525a442 elementor-widget-divider--view-line elementor-widget elementor-widget-divider\" data-id=\"525a442\" data-element_type=\"widget\" data-e-type=\"widget\" data-widget_type=\"divider.default\">\n\t\t\t\t<div class=\"elementor-widget-container\">\n\t\t\t\t\t\t\t<div class=\"elementor-divider\">\n\t\t\t<span class=\"elementor-divider-separator\">\n\t\t\t\t\t\t<\/span>\n\t\t<\/div>\n\t\t\t\t\t\t<\/div>\n\t\t\t\t<\/div>\n\t\t\t\t\t<\/div>\n\t\t<\/div>\n\t\t\t\t\t<\/div>\n\t\t<\/section>\n\t\t\t\t<section class=\"elementor-section elementor-top-section elementor-element elementor-element-538d7ea elementor-section-boxed elementor-section-height-default elementor-section-height-default\" data-id=\"538d7ea\" data-element_type=\"section\" data-e-type=\"section\">\n\t\t\t\t\t\t<div class=\"elementor-container elementor-column-gap-default\">\n\t\t\t\t\t<div class=\"elementor-column elementor-col-50 elementor-top-column elementor-element elementor-element-1e9be89\" data-id=\"1e9be89\" data-element_type=\"column\" data-e-type=\"column\">\n\t\t\t<div class=\"elementor-widget-wrap elementor-element-populated\">\n\t\t\t\t\t\t<div class=\"elementor-element elementor-element-2248af1 elementor-widget elementor-widget-image\" data-id=\"2248af1\" data-element_type=\"widget\" data-e-type=\"widget\" data-widget_type=\"image.default\">\n\t\t\t\t<div class=\"elementor-widget-container\">\n\t\t\t\t\t\t\t\t\t\t\t\t\t\t\t<img decoding=\"async\" width=\"827\" height=\"1024\" src=\"https:\/\/www.atelier-schell.com\/wp-content\/uploads\/2026\/05\/Fleur-bleue-827x1024.jpg\" class=\"attachment-large size-large wp-image-5747\" alt=\"\" srcset=\"https:\/\/www.atelier-schell.com\/wp-content\/uploads\/2026\/05\/Fleur-bleue-827x1024.jpg 827w, https:\/\/www.atelier-schell.com\/wp-content\/uploads\/2026\/05\/Fleur-bleue-242x300.jpg 242w, https:\/\/www.atelier-schell.com\/wp-content\/uploads\/2026\/05\/Fleur-bleue-768x951.jpg 768w, https:\/\/www.atelier-schell.com\/wp-content\/uploads\/2026\/05\/Fleur-bleue-10x12.jpg 10w, https:\/\/www.atelier-schell.com\/wp-content\/uploads\/2026\/05\/Fleur-bleue.jpg 1136w\" sizes=\"(max-width: 827px) 100vw, 827px\" \/>\t\t\t\t\t\t\t\t\t\t\t\t\t\t\t<\/div>\n\t\t\t\t<\/div>\n\t\t\t\t\t<\/div>\n\t\t<\/div>\n\t\t\t\t<div class=\"elementor-column elementor-col-50 elementor-top-column elementor-element elementor-element-8e33430\" data-id=\"8e33430\" data-element_type=\"column\" data-e-type=\"column\">\n\t\t\t<div class=\"elementor-widget-wrap elementor-element-populated\">\n\t\t\t\t\t\t<div class=\"elementor-element elementor-element-929e3c9 elementor-widget elementor-widget-text-editor\" data-id=\"929e3c9\" data-element_type=\"widget\" data-e-type=\"widget\" data-widget_type=\"text-editor.default\">\n\t\t\t\t<div class=\"elementor-widget-container\">\n\t\t\t\t\t\t\t\t\t<p>\u201eFleur bleue\u201c &#8211; Die Tr\u00e4umerin .<\/p><p>&#8222;Fleur bleue\u201c ist ein franz\u00f6sischer Ausdruck f\u00fcr das Sentimentale &amp; Romantische, abgeleitet von der \u201eblauen Blume\u201c der Romantik.<\/p><p>Der Begriff ist auch die Bezeichnung f\u00fcr sentimentale Tr\u00e4umer -Tr\u00e4umerinnen<\/p>\t\t\t\t\t\t\t\t<\/div>\n\t\t\t\t<\/div>\n\t\t\t\t\t<\/div>\n\t\t<\/div>\n\t\t\t\t\t<\/div>\n\t\t<\/section>\n\t\t\t\t<section class=\"elementor-section elementor-top-section elementor-element elementor-element-35caf7f elementor-section-boxed elementor-section-height-default elementor-section-height-default\" data-id=\"35caf7f\" data-element_type=\"section\" data-e-type=\"section\">\n\t\t\t\t\t\t<div class=\"elementor-container elementor-column-gap-default\">\n\t\t\t\t\t<div class=\"elementor-column elementor-col-100 elementor-top-column elementor-element elementor-element-5079a60\" data-id=\"5079a60\" data-element_type=\"column\" data-e-type=\"column\">\n\t\t\t<div class=\"elementor-widget-wrap elementor-element-populated\">\n\t\t\t\t\t\t<div class=\"elementor-element elementor-element-c8a33c0 elementor-widget elementor-widget-spacer\" data-id=\"c8a33c0\" data-element_type=\"widget\" data-e-type=\"widget\" data-widget_type=\"spacer.default\">\n\t\t\t\t<div class=\"elementor-widget-container\">\n\t\t\t\t\t\t\t<div class=\"elementor-spacer\">\n\t\t\t<div class=\"elementor-spacer-inner\"><\/div>\n\t\t<\/div>\n\t\t\t\t\t\t<\/div>\n\t\t\t\t<\/div>\n\t\t\t\t\t<\/div>\n\t\t<\/div>\n\t\t\t\t\t<\/div>\n\t\t<\/section>\n\t\t\t\t<section class=\"elementor-section elementor-top-section elementor-element elementor-element-85ec517 elementor-section-boxed elementor-section-height-default elementor-section-height-default\" data-id=\"85ec517\" data-element_type=\"section\" data-e-type=\"section\">\n\t\t\t\t\t\t<div class=\"elementor-container elementor-column-gap-default\">\n\t\t\t\t\t<div class=\"elementor-column elementor-col-50 elementor-top-column elementor-element elementor-element-f67859a\" data-id=\"f67859a\" data-element_type=\"column\" data-e-type=\"column\">\n\t\t\t<div class=\"elementor-widget-wrap elementor-element-populated\">\n\t\t\t\t\t\t<div class=\"elementor-element elementor-element-3c8a9f5 elementor-widget elementor-widget-image\" data-id=\"3c8a9f5\" data-element_type=\"widget\" data-e-type=\"widget\" data-widget_type=\"image.default\">\n\t\t\t\t<div class=\"elementor-widget-container\">\n\t\t\t\t\t\t\t\t\t\t\t\t\t\t\t<img decoding=\"async\" width=\"1024\" height=\"636\" src=\"https:\/\/www.atelier-schell.com\/wp-content\/uploads\/2026\/05\/Blumen-im-Vollmond-1-1024x636.jpg\" class=\"attachment-large size-large wp-image-5748\" alt=\"\" srcset=\"https:\/\/www.atelier-schell.com\/wp-content\/uploads\/2026\/05\/Blumen-im-Vollmond-1-1024x636.jpg 1024w, https:\/\/www.atelier-schell.com\/wp-content\/uploads\/2026\/05\/Blumen-im-Vollmond-1-300x186.jpg 300w, https:\/\/www.atelier-schell.com\/wp-content\/uploads\/2026\/05\/Blumen-im-Vollmond-1-768x477.jpg 768w, https:\/\/www.atelier-schell.com\/wp-content\/uploads\/2026\/05\/Blumen-im-Vollmond-1-1536x953.jpg 1536w, https:\/\/www.atelier-schell.com\/wp-content\/uploads\/2026\/05\/Blumen-im-Vollmond-1-18x12.jpg 18w, https:\/\/www.atelier-schell.com\/wp-content\/uploads\/2026\/05\/Blumen-im-Vollmond-1.jpg 1600w\" sizes=\"(max-width: 1024px) 100vw, 1024px\" \/>\t\t\t\t\t\t\t\t\t\t\t\t\t\t\t<\/div>\n\t\t\t\t<\/div>\n\t\t\t\t\t<\/div>\n\t\t<\/div>\n\t\t\t\t<div class=\"elementor-column elementor-col-50 elementor-top-column elementor-element elementor-element-c4a1211\" data-id=\"c4a1211\" data-element_type=\"column\" data-e-type=\"column\">\n\t\t\t<div class=\"elementor-widget-wrap elementor-element-populated\">\n\t\t\t\t\t\t<div class=\"elementor-element elementor-element-fcc53ab elementor-widget elementor-widget-text-editor\" data-id=\"fcc53ab\" data-element_type=\"widget\" data-e-type=\"widget\" data-widget_type=\"text-editor.default\">\n\t\t\t\t<div class=\"elementor-widget-container\">\n\t\t\t\t\t\t\t\t\t<p>&#8222;Feldblumen bei Mondlicht&#8220;<\/p>\t\t\t\t\t\t\t\t<\/div>\n\t\t\t\t<\/div>\n\t\t\t\t\t<\/div>\n\t\t<\/div>\n\t\t\t\t\t<\/div>\n\t\t<\/section>\n\t\t\t\t<section class=\"elementor-section elementor-top-section elementor-element elementor-element-fa045b6 elementor-section-boxed elementor-section-height-default elementor-section-height-default\" data-id=\"fa045b6\" data-element_type=\"section\" data-e-type=\"section\">\n\t\t\t\t\t\t<div class=\"elementor-container elementor-column-gap-default\">\n\t\t\t\t\t<div class=\"elementor-column elementor-col-100 elementor-top-column elementor-element elementor-element-e459bf0\" data-id=\"e459bf0\" data-element_type=\"column\" data-e-type=\"column\">\n\t\t\t<div class=\"elementor-widget-wrap elementor-element-populated\">\n\t\t\t\t\t\t<div class=\"elementor-element elementor-element-b479f8a elementor-widget elementor-widget-spacer\" data-id=\"b479f8a\" data-element_type=\"widget\" data-e-type=\"widget\" data-widget_type=\"spacer.default\">\n\t\t\t\t<div class=\"elementor-widget-container\">\n\t\t\t\t\t\t\t<div class=\"elementor-spacer\">\n\t\t\t<div class=\"elementor-spacer-inner\"><\/div>\n\t\t<\/div>\n\t\t\t\t\t\t<\/div>\n\t\t\t\t<\/div>\n\t\t\t\t\t<\/div>\n\t\t<\/div>\n\t\t\t\t\t<\/div>\n\t\t<\/section>\n\t\t\t\t<section class=\"elementor-section elementor-top-section elementor-element elementor-element-ed5cab8 elementor-section-boxed elementor-section-height-default elementor-section-height-default\" data-id=\"ed5cab8\" data-element_type=\"section\" data-e-type=\"section\">\n\t\t\t\t\t\t<div class=\"elementor-container elementor-column-gap-default\">\n\t\t\t\t\t<div class=\"elementor-column elementor-col-100 elementor-top-column elementor-element elementor-element-da3db38\" data-id=\"da3db38\" data-element_type=\"column\" data-e-type=\"column\">\n\t\t\t<div class=\"elementor-widget-wrap elementor-element-populated\">\n\t\t\t\t\t\t<div class=\"elementor-element elementor-element-4f6ffb8 elementor-widget elementor-widget-text-editor\" data-id=\"4f6ffb8\" data-element_type=\"widget\" data-e-type=\"widget\" data-widget_type=\"text-editor.default\">\n\t\t\t\t<div class=\"elementor-widget-container\">\n\t\t\t\t\t\t\t\t\t<p>Weitere Bilder in der Ausstellung &#8222;Metaphorische Farbsinfonien&#8220; ab 20.06.2026 in der Galerie Kunst40 in Berlin-Schmargendorf<\/p>\t\t\t\t\t\t\t\t<\/div>\n\t\t\t\t<\/div>\n\t\t\t\t\t<\/div>\n\t\t<\/div>\n\t\t\t\t\t<\/div>\n\t\t<\/section>\n\t\t\t\t<\/div>","protected":false},"excerpt":{"rendered":"<p>Ausstellung &#8222;Metaphorische Farbsinfonien&#8220; in Berlin\u00a0 Metaphorisch bedeutet &#8222;bildlich gesprochen&#8220;. Mit meiner Malerei m\u00f6chte ich Sie einladen, die Natur bewusster wahrzunehmen und ihre verborgenen, &#8222;stillen&#8220; Momente als farbige suptile Sinfonie auf sich wirken zu lassen. Natur als beruhigende Kraft: Im Kontext der Naturlyrik wird die Natur als ein Ort der absoluten Ruhe und des Schweigens dargestellt, [&hellip;]<\/p>\n","protected":false},"author":1,"featured_media":0,"parent":0,"menu_order":0,"comment_status":"closed","ping_status":"closed","template":"","meta":{"inline_featured_image":false,"site-sidebar-layout":"no-sidebar","site-content-layout":"page-builder","ast-site-content-layout":"default","site-content-style":"default","site-sidebar-style":"default","ast-global-header-display":"","ast-banner-title-visibility":"","ast-main-header-display":"","ast-hfb-above-header-display":"","ast-hfb-below-header-display":"","ast-hfb-mobile-header-display":"","site-post-title":"disabled","ast-breadcrumbs-content":"","ast-featured-img":"disabled","footer-sml-layout":"","ast-disable-related-posts":"","theme-transparent-header-meta":"","adv-header-id-meta":"","stick-header-meta":"","header-above-stick-meta":"","header-main-stick-meta":"","header-below-stick-meta":"","astra-migrate-meta-layouts":"default","ast-page-background-enabled":"default","ast-page-background-meta":{"desktop":{"background-color":"","background-image":"","background-repeat":"repeat","background-position":"center center","background-size":"auto","background-attachment":"scroll","background-type":"","background-media":"","overlay-type":"","overlay-color":"","overlay-opacity":"","overlay-gradient":""},"tablet":{"background-color":"","background-image":"","background-repeat":"repeat","background-position":"center center","background-size":"auto","background-attachment":"scroll","background-type":"","background-media":"","overlay-type":"","overlay-color":"","overlay-opacity":"","overlay-gradient":""},"mobile":{"background-color":"","background-image":"","background-repeat":"repeat","background-position":"center center","background-size":"auto","background-attachment":"scroll","background-type":"","background-media":"","overlay-type":"","overlay-color":"","overlay-opacity":"","overlay-gradient":""}},"ast-content-background-meta":{"desktop":{"background-color":"var(--ast-global-color-5)","background-image":"","background-repeat":"repeat","background-position":"center center","background-size":"auto","background-attachment":"scroll","background-type":"","background-media":"","overlay-type":"","overlay-color":"","overlay-opacity":"","overlay-gradient":""},"tablet":{"background-color":"var(--ast-global-color-5)","background-image":"","background-repeat":"repeat","background-position":"center center","background-size":"auto","background-attachment":"scroll","background-type":"","background-media":"","overlay-type":"","overlay-color":"","overlay-opacity":"","overlay-gradient":""},"mobile":{"background-color":"var(--ast-global-color-5)","background-image":"","background-repeat":"repeat","background-position":"center center","background-size":"auto","background-attachment":"scroll","background-type":"","background-media":"","overlay-type":"","overlay-color":"","overlay-opacity":"","overlay-gradient":""}},"footnotes":""},"class_list":["post-5743","page","type-page","status-publish","hentry"],"_links":{"self":[{"href":"https:\/\/www.atelier-schell.com\/en\/wp-json\/wp\/v2\/pages\/5743","targetHints":{"allow":["GET"]}}],"collection":[{"href":"https:\/\/www.atelier-schell.com\/en\/wp-json\/wp\/v2\/pages"}],"about":[{"href":"https:\/\/www.atelier-schell.com\/en\/wp-json\/wp\/v2\/types\/page"}],"author":[{"embeddable":true,"href":"https:\/\/www.atelier-schell.com\/en\/wp-json\/wp\/v2\/users\/1"}],"replies":[{"embeddable":true,"href":"https:\/\/www.atelier-schell.com\/en\/wp-json\/wp\/v2\/comments?post=5743"}],"version-history":[{"count":5,"href":"https:\/\/www.atelier-schell.com\/en\/wp-json\/wp\/v2\/pages\/5743\/revisions"}],"predecessor-version":[{"id":5804,"href":"https:\/\/www.atelier-schell.com\/en\/wp-json\/wp\/v2\/pages\/5743\/revisions\/5804"}],"wp:attachment":[{"href":"https:\/\/www.atelier-schell.com\/en\/wp-json\/wp\/v2\/media?parent=5743"}],"curies":[{"name":"wp","href":"https:\/\/api.w.org\/{rel}","templated":true}]}}