{"id":3904,"date":"2022-07-19T18:44:22","date_gmt":"2022-07-19T16:44:22","guid":{"rendered":"https:\/\/www.atelier-schell.com\/?page_id=3904"},"modified":"2026-01-31T17:19:00","modified_gmt":"2026-01-31T16:19:00","slug":"home","status":"publish","type":"page","link":"https:\/\/www.atelier-schell.com\/en\/","title":{"rendered":"Home"},"content":{"rendered":"<div data-elementor-type=\"wp-page\" data-elementor-id=\"3904\" class=\"elementor elementor-3904\">\n\t\t\t\t\t\t<section class=\"elementor-section elementor-top-section elementor-element elementor-element-03ab4ac elementor-section-boxed elementor-section-height-default elementor-section-height-default\" data-id=\"03ab4ac\" data-element_type=\"section\" data-e-type=\"section\">\n\t\t\t\t\t\t<div class=\"elementor-container elementor-column-gap-default\">\n\t\t\t\t\t<div class=\"elementor-column elementor-col-100 elementor-top-column elementor-element elementor-element-fa6bd88\" data-id=\"fa6bd88\" data-element_type=\"column\" data-e-type=\"column\">\n\t\t\t<div class=\"elementor-widget-wrap elementor-element-populated\">\n\t\t\t\t\t\t<div class=\"elementor-element elementor-element-27894b2 elementor-widget elementor-widget-text-editor\" data-id=\"27894b2\" data-element_type=\"widget\" data-e-type=\"widget\" data-widget_type=\"text-editor.default\">\n\t\t\t\t<div class=\"elementor-widget-container\">\n\t\t\t\t\t\t\t\t\t<p><span style=\"font-family: Helvetica Neue, Helvetica, Arial, sans-serif;\">All my work is a connection to the soul cycle of life. <\/span><\/p><p><span style=\"font-family: Helvetica Neue, Helvetica, Arial, sans-serif;\">They are snapshots of inner contemplation to give things a mental space.<\/span><\/p>\t\t\t\t\t\t\t\t<\/div>\n\t\t\t\t<\/div>\n\t\t\t\t\t<\/div>\n\t\t<\/div>\n\t\t\t\t\t<\/div>\n\t\t<\/section>\n\t\t\t\t<section class=\"elementor-section elementor-top-section elementor-element elementor-element-1e849fb elementor-section-boxed elementor-section-height-default elementor-section-height-default\" data-id=\"1e849fb\" data-element_type=\"section\" data-e-type=\"section\">\n\t\t\t\t\t\t<div class=\"elementor-container elementor-column-gap-default\">\n\t\t\t\t\t<div class=\"elementor-column elementor-col-100 elementor-top-column elementor-element elementor-element-b1b5453\" data-id=\"b1b5453\" data-element_type=\"column\" data-e-type=\"column\">\n\t\t\t<div class=\"elementor-widget-wrap elementor-element-populated\">\n\t\t\t\t\t\t<div class=\"elementor-element elementor-element-6ae7391 elementor-widget elementor-widget-spacer\" data-id=\"6ae7391\" data-element_type=\"widget\" data-e-type=\"widget\" data-widget_type=\"spacer.default\">\n\t\t\t\t<div class=\"elementor-widget-container\">\n\t\t\t\t\t\t\t<div class=\"elementor-spacer\">\n\t\t\t<div class=\"elementor-spacer-inner\"><\/div>\n\t\t<\/div>\n\t\t\t\t\t\t<\/div>\n\t\t\t\t<\/div>\n\t\t\t\t\t<\/div>\n\t\t<\/div>\n\t\t\t\t\t<\/div>\n\t\t<\/section>\n\t\t\t\t<section class=\"elementor-section elementor-top-section elementor-element elementor-element-f2cd4d4 elementor-section-boxed elementor-section-height-default elementor-section-height-default\" data-id=\"f2cd4d4\" data-element_type=\"section\" data-e-type=\"section\">\n\t\t\t\t\t\t<div class=\"elementor-container elementor-column-gap-default\">\n\t\t\t\t\t<div class=\"elementor-column elementor-col-100 elementor-top-column elementor-element elementor-element-0313702\" data-id=\"0313702\" data-element_type=\"column\" data-e-type=\"column\">\n\t\t\t<div class=\"elementor-widget-wrap elementor-element-populated\">\n\t\t\t\t\t\t<div class=\"elementor-element elementor-element-46868b5 elementor-widget__width-inherit elementor-widget elementor-widget-image\" data-id=\"46868b5\" data-element_type=\"widget\" data-e-type=\"widget\" data-widget_type=\"image.default\">\n\t\t\t\t<div class=\"elementor-widget-container\">\n\t\t\t\t\t\t\t\t\t\t\t\t\t\t\t<img fetchpriority=\"high\" decoding=\"async\" width=\"1024\" height=\"576\" src=\"https:\/\/www.atelier-schell.com\/wp-content\/uploads\/2021\/05\/Atelier-Schell-1024x576.png\" class=\"attachment-large size-large wp-image-2166\" alt=\"Atelier Schell. Tom Schell.\" srcset=\"\" sizes=\"(max-width: 1024px) 100vw, 1024px\" data-srcset=\"\" \/>\t\t\t\t\t\t\t\t\t\t\t\t\t\t\t<\/div>\n\t\t\t\t<\/div>\n\t\t\t\t\t<\/div>\n\t\t<\/div>\n\t\t\t\t\t<\/div>\n\t\t<\/section>\n\t\t\t\t<section class=\"elementor-section elementor-top-section elementor-element elementor-element-f76139f elementor-section-boxed elementor-section-height-default elementor-section-height-default\" data-id=\"f76139f\" data-element_type=\"section\" data-e-type=\"section\">\n\t\t\t\t\t\t<div class=\"elementor-container elementor-column-gap-default\">\n\t\t\t\t\t<div class=\"elementor-column elementor-col-100 elementor-top-column elementor-element elementor-element-e7eb24d\" data-id=\"e7eb24d\" data-element_type=\"column\" data-e-type=\"column\">\n\t\t\t<div class=\"elementor-widget-wrap elementor-element-populated\">\n\t\t\t\t\t\t<div class=\"elementor-element elementor-element-ae9d198 elementor-widget elementor-widget-spacer\" data-id=\"ae9d198\" data-element_type=\"widget\" data-e-type=\"widget\" data-widget_type=\"spacer.default\">\n\t\t\t\t<div class=\"elementor-widget-container\">\n\t\t\t\t\t\t\t<div class=\"elementor-spacer\">\n\t\t\t<div class=\"elementor-spacer-inner\"><\/div>\n\t\t<\/div>\n\t\t\t\t\t\t<\/div>\n\t\t\t\t<\/div>\n\t\t\t\t\t<\/div>\n\t\t<\/div>\n\t\t\t\t\t<\/div>\n\t\t<\/section>\n\t\t\t\t<section class=\"elementor-section elementor-top-section elementor-element elementor-element-00e3fa2 elementor-section-boxed elementor-section-height-default elementor-section-height-default\" data-id=\"00e3fa2\" data-element_type=\"section\" data-e-type=\"section\">\n\t\t\t\t\t\t<div class=\"elementor-container elementor-column-gap-default\">\n\t\t\t\t\t<div class=\"elementor-column elementor-col-50 elementor-top-column elementor-element elementor-element-f408013\" data-id=\"f408013\" data-element_type=\"column\" data-e-type=\"column\">\n\t\t\t<div class=\"elementor-widget-wrap elementor-element-populated\">\n\t\t\t\t\t\t<div class=\"elementor-element elementor-element-01b0a5c elementor-widget elementor-widget-heading\" data-id=\"01b0a5c\" data-element_type=\"widget\" data-e-type=\"widget\" data-widget_type=\"heading.default\">\n\t\t\t\t<div class=\"elementor-widget-container\">\n\t\t\t\t\t<h2 class=\"elementor-heading-title elementor-size-default\">About the \"content\" of my art<br><\/h2>\t\t\t\t<\/div>\n\t\t\t\t<\/div>\n\t\t\t\t<div class=\"elementor-element elementor-element-f87923a elementor-widget elementor-widget-image\" data-id=\"f87923a\" data-element_type=\"widget\" data-e-type=\"widget\" data-widget_type=\"image.default\">\n\t\t\t\t<div class=\"elementor-widget-container\">\n\t\t\t\t\t\t\t\t\t\t\t\t\t\t\t<img decoding=\"async\" width=\"115\" height=\"150\" src=\"https:\/\/www.atelier-schell.com\/wp-content\/uploads\/2021\/05\/Gondelierie-hell-1-115x150.png\" class=\"attachment-thumbnail size-thumbnail wp-image-2789\" alt=\"\" \/>\t\t\t\t\t\t\t\t\t\t\t\t\t\t\t<\/div>\n\t\t\t\t<\/div>\n\t\t\t\t\t<\/div>\n\t\t<\/div>\n\t\t\t\t<div class=\"elementor-column elementor-col-50 elementor-top-column elementor-element elementor-element-2a52b1c\" data-id=\"2a52b1c\" data-element_type=\"column\" data-e-type=\"column\">\n\t\t\t<div class=\"elementor-widget-wrap elementor-element-populated\">\n\t\t\t\t\t\t<div class=\"elementor-element elementor-element-5af55ad elementor-widget elementor-widget-text-editor\" data-id=\"5af55ad\" data-element_type=\"widget\" data-e-type=\"widget\" data-widget_type=\"text-editor.default\">\n\t\t\t\t<div class=\"elementor-widget-container\">\n\t\t\t\t\t\t\t\t\t<p style=\"text-align: left;\">The content of art and the soul is an imaginary island that rises above the sea of reality and determines my creative work.<\/p><p style=\"text-align: left;\">It is the voice of the unconscious within me and these ideas cannot be explained as fantasy ideas alone:<\/p><p style=\"text-align: left;\">\"In a strange way, a gifted spirit is characterized by the fact that it is urged and determined everywhere by the unconscious, the mysterious God in it, that views arise for it - it does not know where from; that it is urged to work and create - it does not know where to and that an urge of becoming and developing dominates it - it does not yet know what to.\"<br \/><em>Carl Gustav Carus<\/em><\/p><p style=\"text-align: left;\">In fairy tales, myths and visions \"figure transformations\" are accomplished. They take place in thoughts and actually overcome the imaginary space, they become visible.<br \/>Humans become gods, gods become nature beings.<br \/>From the Egyptian Empire, to ancient Greece, to the present day, there are depictions of shape-shifting in art.<br \/>Nature transforms into people, people become works of nature.<br \/>Nature is art and art is nature, constantly changing.<br \/>Our development is history in pictures and at the same time transformation in the now.<\/p><p style=\"text-align: left;\">In the media world, which is changing in the transition to the virtual age, a new mental change is just taking place again, imaginary in the mental.<br \/>The transformations, like every metamorphosis, are brought into real life only by gestalt fantasies.<br \/>The whole arsenal of fairy tales is available for these performances.<br \/>The change in virtual to reality is happening in the present time.<br \/>In diesen Ver\u00e4nderungsprozessen wird vieles aufgel\u00f6st und als neue Realit\u00e4t wahrgenommen.<br \/>The unrest that arises is reflected in society, in the media and all levels of society.<br \/>Today, the entire society is fueled by the virtual media world and mainly determines the present time.<br \/>Fiction becomes reality and breaks through our everyday life.<\/p><p style=\"text-align: left;\">My art worlds are draft stages, inspirations to linger.<\/p><p style=\"text-align: left;\">Tom Schell<\/p>\t\t\t\t\t\t\t\t<\/div>\n\t\t\t\t<\/div>\n\t\t\t\t\t<\/div>\n\t\t<\/div>\n\t\t\t\t\t<\/div>\n\t\t<\/section>\n\t\t\t\t<\/div>","protected":false},"excerpt":{"rendered":"<p>Alle meine Arbeiten sind eine Verbundenheit zum Seelenkreislauf des Lebens. Sie sind\u00a0 Momentaufnahmen der inneren Einkehrung, um den Dingen einen geistigen Freiraum zu geben. Vom Inhalt meiner Kunst Der Inhalt von Kunst und Seelischem ist eine imagin\u00e4re Insel, die \u00fcber das Meer der Realit\u00e4t herausragt und mein Schaffen bestimmt. Es ist die Stimme des Unbewussten [&hellip;]<\/p>\n","protected":false},"author":1,"featured_media":0,"parent":0,"menu_order":0,"comment_status":"closed","ping_status":"closed","template":"elementor_header_footer","meta":{"inline_featured_image":false,"site-sidebar-layout":"no-sidebar","site-content-layout":"page-builder","ast-site-content-layout":"default","site-content-style":"default","site-sidebar-style":"default","ast-global-header-display":"","ast-banner-title-visibility":"","ast-main-header-display":"","ast-hfb-above-header-display":"","ast-hfb-below-header-display":"","ast-hfb-mobile-header-display":"","site-post-title":"disabled","ast-breadcrumbs-content":"","ast-featured-img":"disabled","footer-sml-layout":"","ast-disable-related-posts":"","theme-transparent-header-meta":"","adv-header-id-meta":"","stick-header-meta":"","header-above-stick-meta":"","header-main-stick-meta":"","header-below-stick-meta":"","astra-migrate-meta-layouts":"default","ast-page-background-enabled":"default","ast-page-background-meta":{"desktop":{"background-color":"","background-image":"","background-repeat":"repeat","background-position":"center center","background-size":"auto","background-attachment":"scroll","background-type":"","background-media":"","overlay-type":"","overlay-color":"","overlay-opacity":"","overlay-gradient":""},"tablet":{"background-color":"","background-image":"","background-repeat":"repeat","background-position":"center center","background-size":"auto","background-attachment":"scroll","background-type":"","background-media":"","overlay-type":"","overlay-color":"","overlay-opacity":"","overlay-gradient":""},"mobile":{"background-color":"","background-image":"","background-repeat":"repeat","background-position":"center center","background-size":"auto","background-attachment":"scroll","background-type":"","background-media":"","overlay-type":"","overlay-color":"","overlay-opacity":"","overlay-gradient":""}},"ast-content-background-meta":{"desktop":{"background-color":"var(--ast-global-color-5)","background-image":"","background-repeat":"repeat","background-position":"center center","background-size":"auto","background-attachment":"scroll","background-type":"","background-media":"","overlay-type":"","overlay-color":"","overlay-opacity":"","overlay-gradient":""},"tablet":{"background-color":"var(--ast-global-color-5)","background-image":"","background-repeat":"repeat","background-position":"center center","background-size":"auto","background-attachment":"scroll","background-type":"","background-media":"","overlay-type":"","overlay-color":"","overlay-opacity":"","overlay-gradient":""},"mobile":{"background-color":"var(--ast-global-color-5)","background-image":"","background-repeat":"repeat","background-position":"center center","background-size":"auto","background-attachment":"scroll","background-type":"","background-media":"","overlay-type":"","overlay-color":"","overlay-opacity":"","overlay-gradient":""}},"footnotes":""},"class_list":["post-3904","page","type-page","status-publish","hentry"],"_links":{"self":[{"href":"https:\/\/www.atelier-schell.com\/en\/wp-json\/wp\/v2\/pages\/3904","targetHints":{"allow":["GET"]}}],"collection":[{"href":"https:\/\/www.atelier-schell.com\/en\/wp-json\/wp\/v2\/pages"}],"about":[{"href":"https:\/\/www.atelier-schell.com\/en\/wp-json\/wp\/v2\/types\/page"}],"author":[{"embeddable":true,"href":"https:\/\/www.atelier-schell.com\/en\/wp-json\/wp\/v2\/users\/1"}],"replies":[{"embeddable":true,"href":"https:\/\/www.atelier-schell.com\/en\/wp-json\/wp\/v2\/comments?post=3904"}],"version-history":[{"count":5,"href":"https:\/\/www.atelier-schell.com\/en\/wp-json\/wp\/v2\/pages\/3904\/revisions"}],"predecessor-version":[{"id":5627,"href":"https:\/\/www.atelier-schell.com\/en\/wp-json\/wp\/v2\/pages\/3904\/revisions\/5627"}],"wp:attachment":[{"href":"https:\/\/www.atelier-schell.com\/en\/wp-json\/wp\/v2\/media?parent=3904"}],"curies":[{"name":"wp","href":"https:\/\/api.w.org\/{rel}","templated":true}]}}