{"id":1518,"date":"2021-04-30T08:30:38","date_gmt":"2021-04-30T06:30:38","guid":{"rendered":"https:\/\/www.atelier-schell.com\/?page_id=1518"},"modified":"2023-02-18T17:14:07","modified_gmt":"2023-02-18T16:14:07","slug":"vita","status":"publish","type":"page","link":"https:\/\/www.atelier-schell.com\/en\/vita\/","title":{"rendered":"curriculum vitae"},"content":{"rendered":"<div data-elementor-type=\"wp-page\" data-elementor-id=\"1518\" class=\"elementor elementor-1518\">\n\t\t\t\t\t\t<section class=\"elementor-section elementor-top-section elementor-element elementor-element-4dd12f4 elementor-section-boxed elementor-section-height-default elementor-section-height-default\" data-id=\"4dd12f4\" data-element_type=\"section\" data-e-type=\"section\" id=\"bio\">\n\t\t\t\t\t\t<div class=\"elementor-container elementor-column-gap-no\">\n\t\t\t\t\t<div class=\"elementor-column elementor-col-100 elementor-top-column elementor-element elementor-element-d40c8b2\" data-id=\"d40c8b2\" data-element_type=\"column\" data-e-type=\"column\" data-settings=\"{&quot;background_background&quot;:&quot;classic&quot;}\">\n\t\t\t<div class=\"elementor-widget-wrap elementor-element-populated\">\n\t\t\t\t\t\t<div class=\"elementor-element elementor-element-abf1003 elementor-absolute elementor-widget-mobile__width-initial elementor-widget__width-auto elementor-widget elementor-widget-image\" data-id=\"abf1003\" data-element_type=\"widget\" data-e-type=\"widget\" data-settings=\"{&quot;_position&quot;:&quot;absolute&quot;}\" data-widget_type=\"image.default\">\n\t\t\t\t<div class=\"elementor-widget-container\">\n\t\t\t\t\t\t\t\t\t\t\t\t\t\t\t<img decoding=\"async\" src=\"https:\/\/www.atelier-schell.com\/wp-content\/uploads\/2021\/05\/Gondelierie-hell-2.png\" title=\"Gondelierie\" alt=\"Atelier Schell, Kontakt, Inhaber Tom Schell,Vita, Referenzen und k\u00fcnstlerischer Werdegang\" loading=\"lazy\" \/>\t\t\t\t\t\t\t\t\t\t\t\t\t\t\t<\/div>\n\t\t\t\t<\/div>\n\t\t\t\t<div class=\"elementor-element elementor-element-c21b428 elementor-widget elementor-widget-heading\" data-id=\"c21b428\" data-element_type=\"widget\" data-e-type=\"widget\" data-widget_type=\"heading.default\">\n\t\t\t\t<div class=\"elementor-widget-container\">\n\t\t\t\t\t<h2 class=\"elementor-heading-title elementor-size-default\">VITA<\/h2>\t\t\t\t<\/div>\n\t\t\t\t<\/div>\n\t\t\t\t<div class=\"elementor-element elementor-element-6551d29 elementor-widget-mobile__width-auto elementor-widget elementor-widget-text-editor\" data-id=\"6551d29\" data-element_type=\"widget\" data-e-type=\"widget\" data-widget_type=\"text-editor.default\">\n\t\t\t\t<div class=\"elementor-widget-container\">\n\t\t\t\t\t\t\t\t\t<p><strong>04\/2015 until today<\/strong><\/p><p style=\"padding-left: 200px;\"><strong>Freelance artist<\/strong> <br \/>Studio Schell, sculptor and painter<\/p><p><strong>05\/2010-03\/2015<\/strong><\/p><p style=\"padding-left: 200px;\"><strong>Sculptor &amp; restorer<\/strong> <br \/>OPUS Denkmalpflege GmbH, <br \/>Self-employed restorer &amp; sculptor<\/p><p>\u00a0<\/p><p><strong>11\/2006-02\/2008<\/strong><\/p><p style=\"padding-left: 200px;\"><strong>restorer<\/strong><br \/>Fortana &amp; Fortana AG, Rapperswill \u2013 Jona, Schweiz <br \/>Freelance restorer for conservation and restoration of wall paintings, stone objects and painted furnishings.<\/p><p><strong>11\/2001 &#8211; 12\/2002<\/strong><\/p><p style=\"padding-left: 200px;\"><strong>restorer<\/strong><br \/>Atelier Schell, Potsdam \u2013 West<br \/>Independent contract work as a freelance restorer: Interior restoration - Friderizian wall painting - Friderizian Barracks Potsdam<\/p><p><strong>11\/2000 \u2013 06\/2001<\/strong><\/p><p style=\"padding-left: 200px;\"><strong>Sculptor<\/strong><br \/>skywalker, London<br \/>Sculpture work<\/p><p><strong>01\/1998 &#8211; 08\/2000<\/strong><\/p><p style=\"padding-left: 200px;\"><strong>Sculptor<\/strong><br \/>WDR &amp; GUM \u2013 Studios, GUM \u2013 Gesellschaft f\u00fcr Unterhaltung und moderne Medien GmbH, K\u00f6ln<br \/>Sculptor:<br \/>- Production of life-size latex dolls for TV shows and live program<br \/>- Set supervision and special effects with GUM dolls<br \/>- Dummy production for film productions<\/p><p><strong>03\/1993 \u2013 08\/1994<\/strong><\/p><p style=\"padding-left: 200px;\"><strong>restorer<\/strong><br \/>Schloss Christiansborg in Kopenhagen<br \/>- Restoration and conservation<\/p><p><strong>02\/1987 \u2013 01\/1990<\/strong><\/p><p style=\"padding-left: 200px;\"><strong>Restorer of cultural property from stone<\/strong><br \/>National Museums in Berlin - Prussian Cultural Heritage<br \/>- Restorer for cultural property made of stone in the Central Restoration Workshops of the National Museums in Berlin<\/p><p><strong>09\/1986 \u2013 01\/1987<\/strong><\/p><p style=\"padding-left: 200px;\"><strong>Plasterer - Journeyman<\/strong><br \/>Staatliche Schl\u00f6sser und G\u00e4rten Potsdam \u2013 Sanssouci, Stiftung Preu\u00dfische Schl\u00f6sser und G\u00e4rten Berlin-Brandenburg<br \/>- Stucco and restoration work as a plasterer<\/p><p style=\"padding-left: 240px;\">\u00a0<\/p>\t\t\t\t\t\t\t\t<\/div>\n\t\t\t\t<\/div>\n\t\t\t\t<div class=\"elementor-element elementor-element-359be28 elementor-widget elementor-widget-heading\" data-id=\"359be28\" data-element_type=\"widget\" data-e-type=\"widget\" data-widget_type=\"heading.default\">\n\t\t\t\t<div class=\"elementor-widget-container\">\n\t\t\t\t\t<h2 class=\"elementor-heading-title elementor-size-default\">SCHOOLING AND TRAINING<\/h2>\t\t\t\t<\/div>\n\t\t\t\t<\/div>\n\t\t\t\t<div class=\"elementor-element elementor-element-312507f elementor-widget elementor-widget-text-editor\" data-id=\"312507f\" data-element_type=\"widget\" data-e-type=\"widget\" data-widget_type=\"text-editor.default\">\n\t\t\t\t<div class=\"elementor-widget-container\">\n\t\t\t\t\t\t\t\t\t<p><strong>10\/2003 \u2013 10\/2006<\/strong><\/p><p style=\"padding-left: 200px;\"><strong>Universit\u00e4t der K\u00fcnste. Berlin<\/strong><br \/>Study: Architecture &amp; Urban Planning - 6 semesters<\/p><p><strong>10\/2002 \u2013 07\/2004<\/strong><\/p><p style=\"padding-left: 200px;\"><strong>Fachhochschule Potsdam<\/strong> \u2013 Faculty of Architecture and Urban Design. \nStudy of Architecture &amp; Urban Planning - 4 semesters<\/p><p><strong>11\/1994 \u2013 11\/1997<\/strong><\/p><p style=\"padding-left: 200px;\"><strong>Universit\u00e4t der K\u00fcnste. Berlin<\/strong><br \/>Study Fine Arts - Sculpture , 6 semesters<\/p><p><strong>02\/1991 \u2013 02\/1993<\/strong><\/p><p style=\"padding-left: 200px;\"><strong>Flensburg School of Art<\/strong> - Technical school for technology and design,<br \/>Technical school diploma as a sculptor<\/p><p><strong>02\/1987 \u2013 01\/1990<\/strong><\/p><p style=\"padding-left: 200px;\"><strong>National Museums in Berlin<\/strong><br \/>In-house training as a restorer of stone cultural property in the central restoration workshops.<br \/>Graduation as a restorer of cultural property from stone<\/p><p><strong>08\/1984 \u2013 07\/1986<\/strong><\/p><p style=\"padding-left: 200px;\"><strong>Prussian Palaces and Gardens Foundation Berlin Brandenburg<\/strong>,<br \/>Plasterer training with journeyman certificate<\/p><p><strong>06\/1974 \u2013 06\/1984<\/strong><\/p><p style=\"padding-left: 200px;\"><strong>Heinrich-Heine-Oberschule<\/strong> - secondary school, Potsdam, Realschulabschluss<\/p><p><strong>1966<\/strong><\/p><p style=\"padding-left: 200px;\">born in Potsdam<\/p>\t\t\t\t\t\t\t\t<\/div>\n\t\t\t\t<\/div>\n\t\t\t\t<div class=\"elementor-element elementor-element-b3ecc12 elementor-widget elementor-widget-spacer\" data-id=\"b3ecc12\" data-element_type=\"widget\" data-e-type=\"widget\" data-widget_type=\"spacer.default\">\n\t\t\t\t<div class=\"elementor-widget-container\">\n\t\t\t\t\t\t\t<div class=\"elementor-spacer\">\n\t\t\t<div class=\"elementor-spacer-inner\"><\/div>\n\t\t<\/div>\n\t\t\t\t\t\t<\/div>\n\t\t\t\t<\/div>\n\t\t\t\t\t<\/div>\n\t\t<\/div>\n\t\t\t\t\t<\/div>\n\t\t<\/section>\n\t\t\t\t<\/div>","protected":false},"excerpt":{"rendered":"<p>William Gilbert Scroll Down Biography &amp; Awards One of the greates contemporary theatre actor Neque facilisis a, faucibus orci orci nulla eget dictumst congue interdum etiam aliquam lobortis egestas pretium porttitor eget gravida urna, cursus imperdiet in arcu. Turpis elementum, ultrices dui maecenas quisque cras dui sed porttitor aliquam morbi libero egestas lacus sed. Commodo &hellip;<\/p>\n<p class=\"read-more\"> <a class=\"\" href=\"https:\/\/websitedemos.net\/theatre-artist-02\/\"> <span class=\"screen-reader-text\">Home<\/span> Read More &raquo;<\/a><\/p>","protected":false},"author":1,"featured_media":0,"parent":0,"menu_order":0,"comment_status":"closed","ping_status":"closed","template":"elementor_header_footer","meta":{"inline_featured_image":false,"site-sidebar-layout":"no-sidebar","site-content-layout":"page-builder","ast-site-content-layout":"default","site-content-style":"default","site-sidebar-style":"default","ast-global-header-display":"","ast-banner-title-visibility":"","ast-main-header-display":"","ast-hfb-above-header-display":"","ast-hfb-below-header-display":"","ast-hfb-mobile-header-display":"","site-post-title":"disabled","ast-breadcrumbs-content":"disabled","ast-featured-img":"disabled","footer-sml-layout":"","ast-disable-related-posts":"","theme-transparent-header-meta":"enabled","adv-header-id-meta":"","stick-header-meta":"","header-above-stick-meta":"","header-main-stick-meta":"","header-below-stick-meta":"","astra-migrate-meta-layouts":"default","ast-page-background-enabled":"default","ast-page-background-meta":{"desktop":{"background-color":"","background-image":"","background-repeat":"repeat","background-position":"center center","background-size":"auto","background-attachment":"scroll","background-type":"","background-media":"","overlay-type":"","overlay-color":"","overlay-opacity":"","overlay-gradient":""},"tablet":{"background-color":"","background-image":"","background-repeat":"repeat","background-position":"center center","background-size":"auto","background-attachment":"scroll","background-type":"","background-media":"","overlay-type":"","overlay-color":"","overlay-opacity":"","overlay-gradient":""},"mobile":{"background-color":"","background-image":"","background-repeat":"repeat","background-position":"center center","background-size":"auto","background-attachment":"scroll","background-type":"","background-media":"","overlay-type":"","overlay-color":"","overlay-opacity":"","overlay-gradient":""}},"ast-content-background-meta":{"desktop":{"background-color":"var(--ast-global-color-5)","background-image":"","background-repeat":"repeat","background-position":"center center","background-size":"auto","background-attachment":"scroll","background-type":"","background-media":"","overlay-type":"","overlay-color":"","overlay-opacity":"","overlay-gradient":""},"tablet":{"background-color":"var(--ast-global-color-5)","background-image":"","background-repeat":"repeat","background-position":"center center","background-size":"auto","background-attachment":"scroll","background-type":"","background-media":"","overlay-type":"","overlay-color":"","overlay-opacity":"","overlay-gradient":""},"mobile":{"background-color":"var(--ast-global-color-5)","background-image":"","background-repeat":"repeat","background-position":"center center","background-size":"auto","background-attachment":"scroll","background-type":"","background-media":"","overlay-type":"","overlay-color":"","overlay-opacity":"","overlay-gradient":""}},"footnotes":""},"class_list":["post-1518","page","type-page","status-publish","hentry"],"_links":{"self":[{"href":"https:\/\/www.atelier-schell.com\/en\/wp-json\/wp\/v2\/pages\/1518","targetHints":{"allow":["GET"]}}],"collection":[{"href":"https:\/\/www.atelier-schell.com\/en\/wp-json\/wp\/v2\/pages"}],"about":[{"href":"https:\/\/www.atelier-schell.com\/en\/wp-json\/wp\/v2\/types\/page"}],"author":[{"embeddable":true,"href":"https:\/\/www.atelier-schell.com\/en\/wp-json\/wp\/v2\/users\/1"}],"replies":[{"embeddable":true,"href":"https:\/\/www.atelier-schell.com\/en\/wp-json\/wp\/v2\/comments?post=1518"}],"version-history":[{"count":5,"href":"https:\/\/www.atelier-schell.com\/en\/wp-json\/wp\/v2\/pages\/1518\/revisions"}],"predecessor-version":[{"id":4492,"href":"https:\/\/www.atelier-schell.com\/en\/wp-json\/wp\/v2\/pages\/1518\/revisions\/4492"}],"wp:attachment":[{"href":"https:\/\/www.atelier-schell.com\/en\/wp-json\/wp\/v2\/media?parent=1518"}],"curies":[{"name":"wp","href":"https:\/\/api.w.org\/{rel}","templated":true}]}}