{"id":1655,"date":"2021-04-30T16:29:53","date_gmt":"2021-04-30T14:29:53","guid":{"rendered":"https:\/\/www.atelier-schell.com\/?page_id=1655"},"modified":"2026-02-28T12:15:14","modified_gmt":"2026-02-28T11:15:14","slug":"referenzen","status":"publish","type":"page","link":"http:\/\/www.atelier-schell.com\/en\/referenzen\/","title":{"rendered":"References"},"content":{"rendered":"<div data-elementor-type=\"wp-page\" data-elementor-id=\"1655\" class=\"elementor elementor-1655\">\n\t\t\t\t\t\t<section class=\"elementor-section elementor-top-section elementor-element elementor-element-d8d5da8 elementor-section-boxed elementor-section-height-default elementor-section-height-default\" data-id=\"d8d5da8\" data-element_type=\"section\" data-e-type=\"section\" data-settings=\"{&quot;background_background&quot;:&quot;classic&quot;}\">\n\t\t\t\t\t\t<div class=\"elementor-container elementor-column-gap-no\">\n\t\t\t\t\t<div class=\"elementor-column elementor-col-100 elementor-top-column elementor-element elementor-element-5d02d36\" data-id=\"5d02d36\" data-element_type=\"column\" data-e-type=\"column\">\n\t\t\t<div class=\"elementor-widget-wrap elementor-element-populated\">\n\t\t\t\t\t\t<div class=\"elementor-element elementor-element-594142b elementor-widget elementor-widget-spacer\" data-id=\"594142b\" data-element_type=\"widget\" data-e-type=\"widget\" data-widget_type=\"spacer.default\">\n\t\t\t\t<div class=\"elementor-widget-container\">\n\t\t\t\t\t\t\t<div class=\"elementor-spacer\">\n\t\t\t<div class=\"elementor-spacer-inner\"><\/div>\n\t\t<\/div>\n\t\t\t\t\t\t<\/div>\n\t\t\t\t<\/div>\n\t\t\t\t<div class=\"elementor-element elementor-element-97a524b elementor-absolute elementor-widget-mobile__width-initial elementor-widget elementor-widget-image\" data-id=\"97a524b\" data-element_type=\"widget\" data-e-type=\"widget\" data-settings=\"{&quot;_position&quot;:&quot;absolute&quot;}\" data-widget_type=\"image.default\">\n\t\t\t\t<div class=\"elementor-widget-container\">\n\t\t\t\t\t\t\t\t\t\t\t\t\t\t\t<img decoding=\"async\" src=\"https:\/\/www.atelier-schell.com\/wp-content\/uploads\/2021\/05\/Gondelierie-hell-2.png\" title=\"Gondelierie\" alt=\"Atelier Schell, Kontakt, Inhaber Tom Schell,Vita, Referenzen und k\u00fcnstlerischer Werdegang\" loading=\"lazy\" \/>\t\t\t\t\t\t\t\t\t\t\t\t\t\t\t<\/div>\n\t\t\t\t<\/div>\n\t\t\t\t<div class=\"elementor-element elementor-element-c797f68 elementor-absolute elementor-widget elementor-widget-heading\" data-id=\"c797f68\" data-element_type=\"widget\" data-e-type=\"widget\" data-settings=\"{&quot;_position&quot;:&quot;absolute&quot;}\" data-widget_type=\"heading.default\">\n\t\t\t\t<div class=\"elementor-widget-container\">\n\t\t\t\t\t<h2 class=\"elementor-heading-title elementor-size-default\">REFERENZEN<\/h2>\t\t\t\t<\/div>\n\t\t\t\t<\/div>\n\t\t\t\t<section class=\"elementor-section elementor-inner-section elementor-element elementor-element-6b0cf60 elementor-section-boxed elementor-section-height-default elementor-section-height-default\" data-id=\"6b0cf60\" data-element_type=\"section\" data-e-type=\"section\">\n\t\t\t\t\t\t<div class=\"elementor-container elementor-column-gap-default\">\n\t\t\t\t\t<div class=\"elementor-column elementor-col-100 elementor-inner-column elementor-element elementor-element-d49f61b\" data-id=\"d49f61b\" data-element_type=\"column\" data-e-type=\"column\">\n\t\t\t<div class=\"elementor-widget-wrap elementor-element-populated\">\n\t\t\t\t\t\t<div class=\"elementor-element elementor-element-a8ce755 elementor-widget elementor-widget-text-editor\" data-id=\"a8ce755\" data-element_type=\"widget\" data-e-type=\"widget\" data-widget_type=\"text-editor.default\">\n\t\t\t\t<div class=\"elementor-widget-container\">\n\t\t\t\t\t\t\t\t\t<h3><strong>1. self-employment as a sculptor and restorer<\/strong><\/h3><p><strong>\"Angel of the North\" by Antony Gormley; Elsen sculpture<\/strong><\/p><ul><li>Restoration<\/li><\/ul><p><strong>Production of some sculptures, care and restoration of the private art collection<\/strong>Opus Denkmalpflege GmbH Berlin<\/p><ul><li>Period: 05\/2010 \u2013 03\/2015<\/li><\/ul><p><em><span style=\"text-decoration: underline;\">Processed and managed objects:<\/span><\/em><\/p><p><strong>Fairy tale fountain in Volkspark Friedrichshain - Nine sculptures to the<\/strong> <strong>Fairy tale of the Ger\u00fcder Grimm by the sculptor Ignatius Taschner<\/strong>; 1911 -1912, limestone<\/p><ul><li>Conservation &amp; Restoration,<\/li><\/ul><p><strong>Charlottenburg Gate - Candelabra - Seahorse;<\/strong> 1907<\/p><ul><li>Reconstruction of the candelabra - seahorse:<\/li><li>Newly developed sculptural concrete according to BAM<\/li><\/ul><h3>\u00a0<\/h3><h3><strong>2. employee<\/strong><strong> as restorer<\/strong><span style=\"text-decoration: underline;\"><strong><br \/><\/strong><\/span><span style=\"font-size: 16px;\">bei Fontana &amp; Fontana AG. CH-8645 Jona \/ Schweiz, <\/span><span style=\"font-size: 16px;\">Abt<\/span><span style=\"font-size: 16px;\">Department of Conservation and Restoration of Wall Painting, Stone Objects and Painted Furnishings<\/span><\/h3><ul><li>Period 11\/2006 \u2013 02\/2008<\/li><\/ul><p><strong>Monastery Santa Maria, San Michele in Teverina<\/strong><\/p><ul><li>Restoration of the Trecento wall painting<\/li><\/ul><p><strong>Church of San Michele Acangelo, San Michele in Tavarina<\/strong><\/p><ul><li>Restoration of the frescoes and the room shell with painted stucco altars<\/li><\/ul><p><strong>Catholic Church Freienbach, Switzerland<\/strong><\/p><ul><li>Examination of the interior of the church<\/li><li>Creation of the restoration concept<\/li><li>Restoration of the baroque ceiling paintings<\/li><li>Reconstruction of a section of painting in fresco technique<\/li><li>Redesign of the interior of the church with lime glazes<\/li><li>Execution of decorative paintings in place of the lost stucco ornamentation<\/li><\/ul><h3>\u00a0<\/h3><h3><strong>3. independent<\/strong><strong>. <\/strong><strong>Activity as a freelance restorer<\/strong><\/h3><ul><li>Execution of works 09\/2001 -12\/2002<\/li><\/ul><p><strong>Interior restoration - Friderizian murals, former Friderizian barracks, built in 1765 according to designs by H.L. Manger, Lindenstrasse 42 in Potsdam<\/strong>\u00a0<\/p><ul><li>Creation of the restoration concept<\/li><li>Restoration of the mural in dot retouching<\/li><li>Reconstruction of a section of painting<\/li><\/ul><p style=\"padding-left: 40px;\">Client: Prof. Klaus R. Kunzmann<\/p><p style=\"padding-left: 40px;\">Construction management: Michael Scheel Bautr\u00e4ger GmbH<\/p><p style=\"padding-left: 40px;\">State Monuments Office: Ms. Neuperdt<\/p><h3>\u00a0<\/h3><h3><strong>4. self-employment as a freelance sculptor<\/strong><\/h3><ul><li>Execution of works 01\/1998 - 08\/2000<\/li><\/ul><p><strong>Commissioned works for the WDR and the GUM studios<\/strong><\/p><ul><li>Art figures\/caricatures - Production as clay model - Polyester mold - Figure: \"Cocolino* (latex figure), SF DRS Switzerland, 26 episodes<\/li><li>Lothar Matth\u00e4us\" (latex caricature), ARD - Soccer World Cup 98,15 episodes<\/li><li>\"Giovanni Trappatoni\" (latex caricature), ARD - Soccer World Cup 98,15 episodes<\/li><li>\"Verona Feldbusch\" (latex caricature), ARD - Soccer World Cup 98, 4 episodes<\/li><\/ul><p><strong>Projects for the motion pictures:<\/strong><\/p><ul><li><strong>\u00a0<\/strong><span style=\"font-size: 16px;\">\"Kismet\", directed by Fatih Akin, actor's dummy, 180x50x30 cm, Cologne<\/span><\/li><li>\"The Great Bagarony,\" directed by Bernd Eichinger, Hands of Maria Callas, Dummy, Cologne<\/li><\/ul><p><strong>Projects for advertising film:<\/strong><\/p><ul><li><strong>\u00a0<\/strong><span style=\"font-size: 16px;\">\"Kick off\", Telekom, \"Verona Feldbusch\" (latex caricature)<\/span><\/li><li>\"Planet Comedy\", RTL, \"Gerhard Schr\u00f6der\" (latex caricature)<\/li><\/ul><p><strong>Commissioned works for the stages of the city of Cologne:<\/strong><\/p><ul><li><strong>\u00a0<\/strong><span style=\"font-size: 16px;\">\"Helmut Kohl\" (Polyester, 250x180x180 cm)<\/span><\/li><li>\u201eHusky\u201c (Polyester, 180x120x80 cm)<\/li><li>\u201eKalesche\u201c (Polyester, 280x180x180 cm)<\/li><\/ul><p><strong>Project \u201eTeletubbies\u201c, Skywalker, London, England<\/strong><\/p><ul><li>09\/2000 &#8211; 06\/2001<\/li><\/ul><h4>\u00a0<\/h4><h3><strong>5. employed as a restorer of cultural property from stone\u00a0<\/strong><\/h3><p style=\"padding-left: 40px;\">in the central workshops of the <strong><span style=\"text-decoration: underline; color: #ffff99;\"><a style=\"color: #ffff99; text-decoration: underline;\" href=\"https:\/\/www.smb.museum\/home\/\" target=\"_blank\" rel=\"noopener\">National Museums in Berlin<\/a><\/span>, Prussian Cultural Heritage<\/strong><\/p><p><strong>Large magnificent chimney from the castle of Husum by Heidtrider 1613 -1617<\/strong><\/p><ul><li>Execution of the works: 01\/1989 - 07\/1989<\/li><\/ul><p><em><u>Edited objects:<\/u><\/em><\/p><p><strong>Alabaster and limestone<\/strong><\/p><ul><li>Prior condition: mechanical destruction, 150 fragments, original frame remains<\/li><li>Measures: Cleaning, uncovering, additions, conservation work, reconstruction and reproduction of missing parts, retouching, chemical examination, molding of the original and additions.<\/li><\/ul><p style=\"padding-left: 40px;\">Supervision: National Museums in Berlin, Dr. Betthausen<\/p><h4><span style=\"text-decoration: underline;\"><strong><em>\u00a0<\/em><\/strong><strong><em>The Exhibition of <\/em><\/strong><strong><em>Art <\/em><\/strong><strong><em>Treasures of <\/em><\/strong><strong><em>Ancient <\/em><\/strong><strong><em>Egypt<\/em><\/strong><\/span><\/h4><p>(Touring exhibition of the Egyptian Department\/Bodymuseum to Tokyo - Kyoto -.<\/p><p>Hiroshima \u2013 Fukuoka \u2013 Sendai<\/p><ul><li>Execution of the entire work: 04\/1988 - 01\/1989<\/li><li>Exhibition catalog: BG 055\/84\/21-52-440<\/li><\/ul><p><span style=\"text-decoration: underline;\"><em>Processed and managed objects:<\/em><\/span><\/p><p><strong>Bust of the Sphinx of Queen Hatshepsut 18th dynasty;<\/strong> ca. 1470 BC, limestone\u00a0<\/p><ul><li><em>Pre-state:<\/em> heavy soiling of original paint, extensive old gluing and fractures, addition in plaster, old dowelling, cracking<\/li><li><em>For the development of a restoration concept:<\/em> scientific investigation, new presentation<\/li><li><em>Measures: <\/em>Compress cleaning, conservation work, restoration work, socking, consolidation, putty, bonding, exhibition design.<\/li><\/ul><p style=\"padding-left: 40px;\">Supervision: State Museums of Prussian Cultural Heritage, Prof. Dr. Priese<\/p><h4><span style=\"text-decoration: underline;\"><strong><em>Conservation and restoration care of the permanent exhibition:<\/em><\/strong><\/span><\/h4><p><strong><em>Classicist sculpture<\/em><\/strong><strong> \/ <\/strong><strong><em>Sculptures of the early 19th century in the Friedrichwerder church<\/em><\/strong><strong> &#8211; <\/strong><strong><em>Schinkel Museum <\/em><\/strong><\/p><p>Execution of the entire work:<\/p><ul><li>Period: 02\/1987 - 12\/1988<\/li><li>Exhibition catalog: BG 055\/42\/871-42-512450<\/li><\/ul><p><span style=\"text-decoration: underline;\"><em>Processed and managed objects:<\/em><\/span><\/p><p><strong>Princesses group Luise and Friederike of Prussia by Johann Gottfried Schadow<\/strong>; around 1797 - original plaster\u00a0<\/p><ul><li><em>Pre-state:<\/em> statically endangered, loosened adhesions, foxing, fractures, cracks<\/li><li><em>Measures:<\/em> Compress cleaning, reassembly of old fractures, attaching and gluing of existing fragments, small repairs and additions<\/li><\/ul><p style=\"padding-left: 40px;\">Supervision: State Museums of Prussian Cultural Heritage, Dr. Betthausen<\/p><p><strong>Karl Friedrich Schinkel - statue from the porch of the Old Museum by Christian Friedrich Tieck and Hermann Wittig<\/strong>; around 1850 - completed in 1855, marble\u00a0<\/p><ul><li><em>Pre-state:<\/em> endangered stability, heavy soiling, loosened adhesions<\/li><li><em>Measures:<\/em> Cleaning, removal of old additions, additions and bonding.<\/li><\/ul><p style=\"padding-left: 40px;\">Supervision: State Museums of Prussian Cultural Heritage, Dr. Betthausen<\/p><p><strong>Nine window parapets - reliefs of the main floor of the former Berlin Bauakademie according to designs by Karl Friedrich Schinkel;<\/strong> Berlin sculptor around 1835, terracotta (photo 4)<\/p><ul><li><em>Pre-state:<\/em> heavy soiling, laser damage<\/li><li><em>Measures:<\/em> Cleaning and preservation<\/li><\/ul><p style=\"padding-left: 40px;\">Supervision: State Museums of Prussian Cultural Heritage, Dr. Betthausen<\/p><p><strong>Hermes - copy after a Greek statue of Hermes of the late 5th century B.C. <\/strong><span style=\"font-size: 16px;\">Completed by Emil Wolf, marble\u00a0<\/span><\/p><ul><li><em>Pre-state:<\/em> statically endangered, dissolved main compound (old fracture), not holding iron compounds<\/li><li><em>Measures:<\/em> Disassembly (approx. 60 individual parts), dowels and clamps, assembly, additions,<\/li><\/ul><p style=\"padding-left: 40px;\">Supervision: State Museums of Prussian Cultural Heritage, Dr. Betthausen<\/p><p><strong>Dionysus and Ariadne - Roman 4th century A.D., marble, additions around 1828 by Emil Wolf<\/strong><\/p><ul><li><em>Pre-state:<\/em> heavy soiling, statically endangered, loosened bondings, corroded iron dowels and clamps<\/li><li><em>Measures:<\/em> Disassembly and removal of all corroded metal joints, reassembly, additions and conservation, reconstruction of restoration history.<\/li><\/ul><p style=\"padding-left: 40px;\">Supervision: State Museums of Prussian Cultural Heritage, Dr. Betthausen<\/p><p><strong><em>\u00a0<\/em><\/strong><\/p><h4><strong><em>\u00a0<\/em><\/strong><span style=\"text-decoration: underline;\"><strong><em>The world <\/em><\/strong><strong><em>the Etruscan<\/em><\/strong>&#8211;<strong><em>Archaeological<\/em><\/strong><strong><em>. <\/em><\/strong><strong><em>Monuments<\/em><\/strong><\/span><\/h4><p><strong><em>Exhibition of the Collection of Classical Antiquities, National Museums in Berlin 10\/1988<\/em><\/strong> &#8211; <strong><em>12\/1988<\/em><\/strong><\/p><ul><li>Execution of works 10\/1987 -12\/1987<\/li><li>Exhibition Catalog BO 055\/44\/88 3.0<\/li><\/ul><p><em><u>Edited objects:<\/u><\/em><\/p><p><strong>10 Gable reliefs<\/strong> 3rd century B.C. Terracotta<\/p><ul><li><em>Pre-state:<\/em> mechanical destruction, 40 main fragments, original frame remains;<\/li><li><em>Measures:<\/em> Conservation of the frame remains, reconstruction and reassembly of the fragments and fragments, securing on plastic plate, representation on carrier plate<\/li><\/ul><p style=\"padding-left: 40px;\">Supervision: National Museums in Berlin, Mr. Kunze<\/p><p><strong>4 sarcophagi, limestone<\/strong> 4th century B.C;<\/p><ul><li><em>Pre-state:<\/em> heavy soiling, extensive old adhesions (fractures)<\/li><li><em>Measures:<\/em> Cleaning and preservation, additions and gluing<\/li><\/ul><p style=\"padding-left: 40px;\">Supervision: National Museums in Berlin, Mr. Kunze<\/p><h4><span style=\"text-decoration: underline;\"><strong><em>Exhibition Wilhelm Lehmbruck in the National Gallery of the National Museums in Berlin<\/em><\/strong><\/span><\/h4><ul><li><strong>\u00a0<\/strong><span style=\"font-size: 16px;\">Execution of the entire work: 10\/1987 - 03\/1988<\/span><\/li><li>Exhibition catalog: ISBN 3923576-33-1<\/li><\/ul><p><span style=\"text-decoration: underline;\"><em>Edited objects:<\/em><\/span><\/p><p><strong>Head of a thinker - Wilhelm Lehmbruck<\/strong> 1918 - stone casting<\/p><ul><li><em>Pre-state:<\/em> Mechanical damage such as break-offs and punctures<\/li><li><em>Measures:<\/em> Cleaning and bonding<\/li><\/ul><p style=\"padding-left: 40px;\">Supervision: State Museums of Prussian Cultural Heritage, Dr. Betthausen<\/p><p><strong>Female torso by Wilhelm Lehmbruck<\/strong> 1910 - stone casting<\/p><ul><li><em>Pre-state:<\/em> Loosened adhesions, mechanical damage such as break-offs and punctures<\/li><li><em>Measures:<\/em> Cleaning and bonding<\/li><\/ul><p style=\"padding-left: 40px;\">Supervision: State Museums of Prussian Cultural Heritage, Dr. Betthausen<\/p><h3>\u00a0<\/h3><h3><strong>6. employed as plasterer<\/strong><\/h3><p style=\"padding-left: 40px;\">in the <strong>State Palaces and Gardens Potsdam - Sanssouci<\/strong><\/p><p><span style=\"text-decoration: underline;\"><em><strong>\u00a0<\/strong>Edited objects:<\/em><\/span><\/p><p><strong>Nauen and Brandenburg Gate in Potsdam, Church of the Savior in Sacrow<\/strong><\/p><ul><li>Restoration and reconstruction of stucco<\/li><li>Period: 07\/1984 - 01\/1987<\/li><\/ul>\t\t\t\t\t\t\t\t<\/div>\n\t\t\t\t<\/div>\n\t\t\t\t<div class=\"elementor-element elementor-element-299edb9 elementor-widget elementor-widget-spacer\" data-id=\"299edb9\" data-element_type=\"widget\" data-e-type=\"widget\" data-widget_type=\"spacer.default\">\n\t\t\t\t<div class=\"elementor-widget-container\">\n\t\t\t\t\t\t\t<div class=\"elementor-spacer\">\n\t\t\t<div class=\"elementor-spacer-inner\"><\/div>\n\t\t<\/div>\n\t\t\t\t\t\t<\/div>\n\t\t\t\t<\/div>\n\t\t\t\t\t<\/div>\n\t\t<\/div>\n\t\t\t\t\t<\/div>\n\t\t<\/section>\n\t\t\t\t\t<\/div>\n\t\t<\/div>\n\t\t\t\t\t<\/div>\n\t\t<\/section>\n\t\t\t\t<\/div>","protected":false},"excerpt":{"rendered":"<p>REFERENZEN 1. Selbst\u00e4ndige T\u00e4tigkeit als Bildhauer und Restaurator \u201eAngel of the North\u201c von Antony Gormley; Elsenskulptur Restaurierung Fertigung einiger Skulpturen, Betreuung und Restaurierung der privaten KunstsammlungOpus Denkmalpflege GmbH Berlin Zeitraum: 05\/2010 &#8211; 03\/2015 Bearbeitete und betreute Objekte: M\u00e4rchenbrunnen im Volkspark Friedrichshain &#8211; Neun Skulpturen zu den M\u00e4rchen der Ger\u00fcder Grimm vom Bildhauer Ignatius Taschner; 1911 [&hellip;]<\/p>\n","protected":false},"author":1,"featured_media":0,"parent":0,"menu_order":0,"comment_status":"closed","ping_status":"closed","template":"","meta":{"inline_featured_image":false,"site-sidebar-layout":"no-sidebar","site-content-layout":"page-builder","ast-site-content-layout":"default","site-content-style":"default","site-sidebar-style":"default","ast-global-header-display":"","ast-banner-title-visibility":"","ast-main-header-display":"","ast-hfb-above-header-display":"","ast-hfb-below-header-display":"","ast-hfb-mobile-header-display":"","site-post-title":"disabled","ast-breadcrumbs-content":"disabled","ast-featured-img":"disabled","footer-sml-layout":"","ast-disable-related-posts":"","theme-transparent-header-meta":"enabled","adv-header-id-meta":"","stick-header-meta":"","header-above-stick-meta":"","header-main-stick-meta":"","header-below-stick-meta":"","astra-migrate-meta-layouts":"default","ast-page-background-enabled":"default","ast-page-background-meta":{"desktop":{"background-color":"","background-image":"","background-repeat":"repeat","background-position":"center center","background-size":"auto","background-attachment":"scroll","background-type":"","background-media":"","overlay-type":"","overlay-color":"","overlay-opacity":"","overlay-gradient":""},"tablet":{"background-color":"","background-image":"","background-repeat":"repeat","background-position":"center center","background-size":"auto","background-attachment":"scroll","background-type":"","background-media":"","overlay-type":"","overlay-color":"","overlay-opacity":"","overlay-gradient":""},"mobile":{"background-color":"","background-image":"","background-repeat":"repeat","background-position":"center center","background-size":"auto","background-attachment":"scroll","background-type":"","background-media":"","overlay-type":"","overlay-color":"","overlay-opacity":"","overlay-gradient":""}},"ast-content-background-meta":{"desktop":{"background-color":"var(--ast-global-color-5)","background-image":"","background-repeat":"repeat","background-position":"center center","background-size":"auto","background-attachment":"scroll","background-type":"","background-media":"","overlay-type":"","overlay-color":"","overlay-opacity":"","overlay-gradient":""},"tablet":{"background-color":"var(--ast-global-color-5)","background-image":"","background-repeat":"repeat","background-position":"center center","background-size":"auto","background-attachment":"scroll","background-type":"","background-media":"","overlay-type":"","overlay-color":"","overlay-opacity":"","overlay-gradient":""},"mobile":{"background-color":"var(--ast-global-color-5)","background-image":"","background-repeat":"repeat","background-position":"center center","background-size":"auto","background-attachment":"scroll","background-type":"","background-media":"","overlay-type":"","overlay-color":"","overlay-opacity":"","overlay-gradient":""}},"footnotes":""},"class_list":["post-1655","page","type-page","status-publish","hentry"],"_links":{"self":[{"href":"http:\/\/www.atelier-schell.com\/en\/wp-json\/wp\/v2\/pages\/1655","targetHints":{"allow":["GET"]}}],"collection":[{"href":"http:\/\/www.atelier-schell.com\/en\/wp-json\/wp\/v2\/pages"}],"about":[{"href":"http:\/\/www.atelier-schell.com\/en\/wp-json\/wp\/v2\/types\/page"}],"author":[{"embeddable":true,"href":"http:\/\/www.atelier-schell.com\/en\/wp-json\/wp\/v2\/users\/1"}],"replies":[{"embeddable":true,"href":"http:\/\/www.atelier-schell.com\/en\/wp-json\/wp\/v2\/comments?post=1655"}],"version-history":[{"count":5,"href":"http:\/\/www.atelier-schell.com\/en\/wp-json\/wp\/v2\/pages\/1655\/revisions"}],"predecessor-version":[{"id":5714,"href":"http:\/\/www.atelier-schell.com\/en\/wp-json\/wp\/v2\/pages\/1655\/revisions\/5714"}],"wp:attachment":[{"href":"http:\/\/www.atelier-schell.com\/en\/wp-json\/wp\/v2\/media?parent=1655"}],"curies":[{"name":"wp","href":"https:\/\/api.w.org\/{rel}","templated":true}]}}