{"id":1343,"date":"2021-04-28T14:14:42","date_gmt":"2021-04-28T12:14:42","guid":{"rendered":"https:\/\/www.atelier-schell.com\/?page_id=1343"},"modified":"2026-02-28T12:07:26","modified_gmt":"2026-02-28T11:07:26","slug":"werdegang","status":"publish","type":"page","link":"http:\/\/www.atelier-schell.com\/en\/werdegang\/","title":{"rendered":"Artistic career"},"content":{"rendered":"<div data-elementor-type=\"wp-page\" data-elementor-id=\"1343\" class=\"elementor elementor-1343\">\n\t\t\t\t\t\t<section class=\"elementor-section elementor-top-section elementor-element elementor-element-d8d5da8 elementor-section-boxed elementor-section-height-default elementor-section-height-default\" data-id=\"d8d5da8\" data-element_type=\"section\" data-e-type=\"section\" data-settings=\"{&quot;background_background&quot;:&quot;classic&quot;}\">\n\t\t\t\t\t\t<div class=\"elementor-container elementor-column-gap-no\">\n\t\t\t\t\t<div class=\"elementor-column elementor-col-100 elementor-top-column elementor-element elementor-element-5d02d36\" data-id=\"5d02d36\" data-element_type=\"column\" data-e-type=\"column\">\n\t\t\t<div class=\"elementor-widget-wrap elementor-element-populated\">\n\t\t\t\t\t\t<div class=\"elementor-element elementor-element-594142b elementor-widget elementor-widget-spacer\" data-id=\"594142b\" data-element_type=\"widget\" data-e-type=\"widget\" data-widget_type=\"spacer.default\">\n\t\t\t\t<div class=\"elementor-widget-container\">\n\t\t\t\t\t\t\t<div class=\"elementor-spacer\">\n\t\t\t<div class=\"elementor-spacer-inner\"><\/div>\n\t\t<\/div>\n\t\t\t\t\t\t<\/div>\n\t\t\t\t<\/div>\n\t\t\t\t<div class=\"elementor-element elementor-element-97a524b elementor-absolute elementor-widget elementor-widget-image\" data-id=\"97a524b\" data-element_type=\"widget\" data-e-type=\"widget\" data-settings=\"{&quot;_position&quot;:&quot;absolute&quot;}\" data-widget_type=\"image.default\">\n\t\t\t\t<div class=\"elementor-widget-container\">\n\t\t\t\t\t\t\t\t\t\t\t\t\t\t\t<img decoding=\"async\" src=\"https:\/\/www.atelier-schell.com\/wp-content\/uploads\/2021\/05\/Gondelierie-hell-2.png\" title=\"Gondelierie\" alt=\"Atelier Schell, Kontakt, Inhaber Tom Schell,Vita, Referenzen und k\u00fcnstlerischer Werdegang\" loading=\"lazy\" \/>\t\t\t\t\t\t\t\t\t\t\t\t\t\t\t<\/div>\n\t\t\t\t<\/div>\n\t\t\t\t<div class=\"elementor-element elementor-element-c797f68 elementor-absolute elementor-widget elementor-widget-heading\" data-id=\"c797f68\" data-element_type=\"widget\" data-e-type=\"widget\" data-settings=\"{&quot;_position&quot;:&quot;absolute&quot;}\" data-widget_type=\"heading.default\">\n\t\t\t\t<div class=\"elementor-widget-container\">\n\t\t\t\t\t<h2 class=\"elementor-heading-title elementor-size-default\">Artistic career<\/h2>\t\t\t\t<\/div>\n\t\t\t\t<\/div>\n\t\t\t\t<section class=\"elementor-section elementor-inner-section elementor-element elementor-element-6b0cf60 elementor-section-boxed elementor-section-height-default elementor-section-height-default\" data-id=\"6b0cf60\" data-element_type=\"section\" data-e-type=\"section\">\n\t\t\t\t\t\t<div class=\"elementor-container elementor-column-gap-default\">\n\t\t\t\t\t<div class=\"elementor-column elementor-col-100 elementor-inner-column elementor-element elementor-element-d49f61b\" data-id=\"d49f61b\" data-element_type=\"column\" data-e-type=\"column\">\n\t\t\t<div class=\"elementor-widget-wrap elementor-element-populated\">\n\t\t\t\t\t\t<div class=\"elementor-element elementor-element-a8ce755 elementor-widget-mobile__width-inherit elementor-widget elementor-widget-text-editor\" data-id=\"a8ce755\" data-element_type=\"widget\" data-e-type=\"widget\" data-widget_type=\"text-editor.default\">\n\t\t\t\t<div class=\"elementor-widget-container\">\n\t\t\t\t\t\t\t\t\t<p><strong>01\/2020 &#8211; heute\u00a0 \u00a0 \u00a0 \u00a0 \u00a0 \u00a0 \u00a0 F<\/strong><strong>Freelance artist - Atelier Schell\u00a0<\/strong><\/p><p>Current work processes on my marble blocks <br \/>and other artistic works <br \/>are not yet mentioned and listed here.<\/p><p>\u00a0<\/p><p><strong>02\/2004 \u2013 12\/2019<\/strong><\/p><p><strong>Sculptor studio Berlin\/Hamburg\/Schwedeneck<\/strong><\/p><p>Clay model Medusa (120 x 60 x 70)<br \/>Fallen angel (plaster model 20 x 15 x 10)<\/p><p>Relief David (clay &amp; plaster 190 x 130 x 20)<br \/>Portrait Paulo (clay 45 x 43 x 39)<br \/>Relief Paulos (plaster 60 x 55 x 02)<br \/>Niece (clay 130 x 50 x 35)<br \/>Torso \"Falling\" (clay 110 x 105 x 75)<br \/>Dancer (plaster 110 x 38 x 38)<br \/>Ear jellyfish (90 x 60 x 03)<br \/>Oil acrylic painting, gouache ink pen &amp; drawings<br \/>Experimenting with plastic<\/p><p>\u00a0<\/p><p><strong>01\/1998 &#8211; 08\/2000<\/strong><\/p><p><strong>Sculptor studio in the studio house Cologne-Steinstrasse<\/strong><\/p><p>Commissioned works for the B\u00fchnen Stadt K\u00f6ln, WDR,<br \/>GUM-Studios\u00a0<\/p><p>University of the Arts<\/p><p>Portrait of Vasily (pencil 70 x 50)<br \/>S. Peatrolugo (pencil 75 x 55)<br \/>Study (plaster 125 x 45 x 30)<br \/>Igor (Ton 125 x 43 x 40)<br \/>Fearful (Carrara marble 107 x 50 x 40)<\/p><p>\u00a0<\/p><p><strong>08\/1994 &#8211; 06\/1996<\/strong><\/p><p><strong>Sculptor's studio in Waldemar Street<\/strong><\/p><p>\"Anleandus\" (silicone, 80 x 15 x 15)<br \/>\"Gondoliere\" (clay, 80 x 40 x 20)<br \/>\"Silence\" (plaster, 25 x 13 x 17 )<br \/>Torso \"Goddess of war\" (clay, 28 x 16 x 12)<br \/>\"Prisoner of war\" (plaster, 70 x 22 x 10) \"Death\" (15 x 18 x 12)<br \/>\"Death\" (15 x 18 x 12)<br \/>Portrait \"Falk\" (48 x 20 x 32)<\/p>\t\t\t\t\t\t\t\t<\/div>\n\t\t\t\t<\/div>\n\t\t\t\t<div class=\"elementor-element elementor-element-465fcb2 elementor-widget elementor-widget-spacer\" data-id=\"465fcb2\" data-element_type=\"widget\" data-e-type=\"widget\" data-widget_type=\"spacer.default\">\n\t\t\t\t<div class=\"elementor-widget-container\">\n\t\t\t\t\t\t\t<div class=\"elementor-spacer\">\n\t\t\t<div class=\"elementor-spacer-inner\"><\/div>\n\t\t<\/div>\n\t\t\t\t\t\t<\/div>\n\t\t\t\t<\/div>\n\t\t\t\t\t<\/div>\n\t\t<\/div>\n\t\t\t\t\t<\/div>\n\t\t<\/section>\n\t\t\t\t\t<\/div>\n\t\t<\/div>\n\t\t\t\t\t<\/div>\n\t\t<\/section>\n\t\t\t\t<\/div>","protected":false},"excerpt":{"rendered":"<p>K\u00fcnstlerischer Werdegang 01\/2020 &#8211; heute\u00a0 \u00a0 \u00a0 \u00a0 \u00a0 \u00a0 \u00a0 Freischaffender K\u00fcnstler &#8211; Atelier Schell\u00a0 Momentane Arbeitsprozesse an meinen Marmorbl\u00f6cken und weitere k\u00fcnstlerische Werke sind hier noch nicht erw\u00e4hnt und aufgef\u00fchrt. \u00a0 02\/2004 \u2013 12\/2019 Bildhaueratelier Berlin\/Hamburg\/Schwedeneck Tonmodell Medusa (120 x 60 x 70)Gefallener Engel (Gips Modell 20 x 15 x 10) Relief David [&hellip;]<\/p>\n","protected":false},"author":1,"featured_media":0,"parent":0,"menu_order":0,"comment_status":"closed","ping_status":"closed","template":"","meta":{"inline_featured_image":false,"site-sidebar-layout":"no-sidebar","site-content-layout":"page-builder","ast-site-content-layout":"default","site-content-style":"default","site-sidebar-style":"default","ast-global-header-display":"","ast-banner-title-visibility":"","ast-main-header-display":"","ast-hfb-above-header-display":"","ast-hfb-below-header-display":"","ast-hfb-mobile-header-display":"","site-post-title":"disabled","ast-breadcrumbs-content":"disabled","ast-featured-img":"disabled","footer-sml-layout":"","ast-disable-related-posts":"","theme-transparent-header-meta":"enabled","adv-header-id-meta":"","stick-header-meta":"","header-above-stick-meta":"","header-main-stick-meta":"","header-below-stick-meta":"","astra-migrate-meta-layouts":"default","ast-page-background-enabled":"default","ast-page-background-meta":{"desktop":{"background-color":"","background-image":"","background-repeat":"repeat","background-position":"center center","background-size":"auto","background-attachment":"scroll","background-type":"","background-media":"","overlay-type":"","overlay-color":"","overlay-opacity":"","overlay-gradient":""},"tablet":{"background-color":"","background-image":"","background-repeat":"repeat","background-position":"center center","background-size":"auto","background-attachment":"scroll","background-type":"","background-media":"","overlay-type":"","overlay-color":"","overlay-opacity":"","overlay-gradient":""},"mobile":{"background-color":"","background-image":"","background-repeat":"repeat","background-position":"center center","background-size":"auto","background-attachment":"scroll","background-type":"","background-media":"","overlay-type":"","overlay-color":"","overlay-opacity":"","overlay-gradient":""}},"ast-content-background-meta":{"desktop":{"background-color":"var(--ast-global-color-5)","background-image":"","background-repeat":"repeat","background-position":"center center","background-size":"auto","background-attachment":"scroll","background-type":"","background-media":"","overlay-type":"","overlay-color":"","overlay-opacity":"","overlay-gradient":""},"tablet":{"background-color":"var(--ast-global-color-5)","background-image":"","background-repeat":"repeat","background-position":"center center","background-size":"auto","background-attachment":"scroll","background-type":"","background-media":"","overlay-type":"","overlay-color":"","overlay-opacity":"","overlay-gradient":""},"mobile":{"background-color":"var(--ast-global-color-5)","background-image":"","background-repeat":"repeat","background-position":"center center","background-size":"auto","background-attachment":"scroll","background-type":"","background-media":"","overlay-type":"","overlay-color":"","overlay-opacity":"","overlay-gradient":""}},"footnotes":""},"class_list":["post-1343","page","type-page","status-publish","hentry"],"_links":{"self":[{"href":"http:\/\/www.atelier-schell.com\/en\/wp-json\/wp\/v2\/pages\/1343","targetHints":{"allow":["GET"]}}],"collection":[{"href":"http:\/\/www.atelier-schell.com\/en\/wp-json\/wp\/v2\/pages"}],"about":[{"href":"http:\/\/www.atelier-schell.com\/en\/wp-json\/wp\/v2\/types\/page"}],"author":[{"embeddable":true,"href":"http:\/\/www.atelier-schell.com\/en\/wp-json\/wp\/v2\/users\/1"}],"replies":[{"embeddable":true,"href":"http:\/\/www.atelier-schell.com\/en\/wp-json\/wp\/v2\/comments?post=1343"}],"version-history":[{"count":5,"href":"http:\/\/www.atelier-schell.com\/en\/wp-json\/wp\/v2\/pages\/1343\/revisions"}],"predecessor-version":[{"id":5710,"href":"http:\/\/www.atelier-schell.com\/en\/wp-json\/wp\/v2\/pages\/1343\/revisions\/5710"}],"wp:attachment":[{"href":"http:\/\/www.atelier-schell.com\/en\/wp-json\/wp\/v2\/media?parent=1343"}],"curies":[{"name":"wp","href":"https:\/\/api.w.org\/{rel}","templated":true}]}}